{"id":23,"date":"2025-09-04T10:32:42","date_gmt":"2025-09-04T08:32:42","guid":{"rendered":"https:\/\/www.sekobrno.cz\/?page_id=23"},"modified":"2025-10-02T21:46:33","modified_gmt":"2025-10-02T19:46:33","slug":"dokumenty","status":"publish","type":"page","link":"https:\/\/www.sekobrno.cz\/?page_id=23","title":{"rendered":"Dokumenty"},"content":{"rendered":"\n<div class=\"wp-block-group is-nowrap is-layout-flex wp-container-core-group-is-layout-ad2f72ca wp-block-group-is-layout-flex\">\n<figure class=\"wp-block-image size-full wp-duotone-unset-1\"><a href=\"https:\/\/www.sekobrno.cz\/wp-content\/uploads\/2025\/09\/zl_b.jpg\"><img loading=\"lazy\" decoding=\"async\" width=\"71\" height=\"100\" src=\"https:\/\/www.sekobrno.cz\/wp-content\/uploads\/2025\/09\/zl_a-1.jpg\" alt=\"\" class=\"wp-image-135\"\/><\/a><figcaption class=\"wp-element-caption\">\u017divnostensk\u00fd list<\/figcaption><\/figure>\n\n\n\n<figure class=\"wp-block-image size-full\"><a href=\"https:\/\/www.sekobrno.cz\/wp-content\/uploads\/2025\/09\/opr_10.jpg\"><img loading=\"lazy\" decoding=\"async\" width=\"68\" height=\"100\" src=\"https:\/\/www.sekobrno.cz\/wp-content\/uploads\/2025\/09\/opr_10_a-1.jpg\" alt=\"\" class=\"wp-image-131\"\/><\/a><figcaption class=\"wp-element-caption\">Osv\u011bd\u010den\u00ed M\u017dP<\/figcaption><\/figure>\n\n\n\n<figure class=\"wp-block-image size-full\"><a href=\"https:\/\/www.sekobrno.cz\/wp-content\/uploads\/2025\/09\/rejstrik_b.pdf\"><img loading=\"lazy\" decoding=\"async\" width=\"71\" height=\"100\" src=\"https:\/\/www.sekobrno.cz\/wp-content\/uploads\/2025\/09\/rejstrik_c.jpg\" alt=\"\" class=\"wp-image-231\"\/><\/a><figcaption class=\"wp-element-caption\">Ve\u0159ejn\u00fd rejst\u0159\u00edk<\/figcaption><\/figure>\n\n\n\n<figure class=\"wp-block-image size-full\"><a href=\"https:\/\/www.sekobrno.cz\/wp-content\/uploads\/2025\/10\/akreditace.pdf\"><img loading=\"lazy\" decoding=\"async\" width=\"71\" height=\"100\" src=\"https:\/\/www.sekobrno.cz\/wp-content\/uploads\/2025\/10\/akreditace_1.jpg\" alt=\"\" class=\"wp-image-235\"\/><\/a><figcaption class=\"wp-element-caption\">Osv\u011bd\u010den\u00ed o akreditaci <\/figcaption><\/figure>\n<\/div>\n\n\n\n<p><\/p>\n","protected":false},"excerpt":{"rendered":"","protected":false},"author":1,"featured_media":0,"parent":0,"menu_order":0,"comment_status":"closed","ping_status":"closed","template":"","meta":{"footnotes":""},"class_list":["post-23","page","type-page","status-publish","hentry"],"_links":{"self":[{"href":"https:\/\/www.sekobrno.cz\/index.php?rest_route=\/wp\/v2\/pages\/23","targetHints":{"allow":["GET"]}}],"collection":[{"href":"https:\/\/www.sekobrno.cz\/index.php?rest_route=\/wp\/v2\/pages"}],"about":[{"href":"https:\/\/www.sekobrno.cz\/index.php?rest_route=\/wp\/v2\/types\/page"}],"author":[{"embeddable":true,"href":"https:\/\/www.sekobrno.cz\/index.php?rest_route=\/wp\/v2\/users\/1"}],"replies":[{"embeddable":true,"href":"https:\/\/www.sekobrno.cz\/index.php?rest_route=%2Fwp%2Fv2%2Fcomments&post=23"}],"version-history":[{"count":12,"href":"https:\/\/www.sekobrno.cz\/index.php?rest_route=\/wp\/v2\/pages\/23\/revisions"}],"predecessor-version":[{"id":239,"href":"https:\/\/www.sekobrno.cz\/index.php?rest_route=\/wp\/v2\/pages\/23\/revisions\/239"}],"wp:attachment":[{"href":"https:\/\/www.sekobrno.cz\/index.php?rest_route=%2Fwp%2Fv2%2Fmedia&parent=23"}],"curies":[{"name":"wp","href":"https:\/\/api.w.org\/{rel}","templated":true}]}}