{"id":24,"date":"2025-09-04T10:32:42","date_gmt":"2025-09-04T08:32:42","guid":{"rendered":"https:\/\/www.sekobrno.cz\/?page_id=24"},"modified":"2025-09-04T22:05:54","modified_gmt":"2025-09-04T20:05:54","slug":"dotaznik","status":"publish","type":"page","link":"https:\/\/www.sekobrno.cz\/?page_id=24","title":{"rendered":"Dotazn\u00edk"},"content":{"rendered":"\n<div class=\"wp-block-group is-nowrap is-layout-flex wp-container-core-group-is-layout-ad2f72ca wp-block-group-is-layout-flex\">\n<p class=\"has-text-align-left\"><strong>Dotazn\u00edk spokojenosti z\u00e1kazn\u00edka laboratorn\u00edch slu\u017eeb.<\/strong><\/p>\n<\/div>\n\n\n\n<p><\/p>\n\n\n\n<div class=\"wp-block-group is-nowrap is-layout-flex wp-container-core-group-is-layout-ad2f72ca wp-block-group-is-layout-flex\">\n<p class=\"has-text-align-left\">V\u00e1\u017een\u00fd z\u00e1kazn\u00edku, dovolujeme si V\u00e1s po\u017e\u00e1dat o hodnocen\u00ed spokojenosti se slu\u017ebami, kter\u00e9 jsme V\u00e1m poskytli. Uveden\u00e9 informace poslou\u017e\u00ed k z\u00edsk\u00e1n\u00ed p\u0159ehledu o spokojenosti z\u00e1kazn\u00edk\u016f. Vypln\u011bn\u00edm dotazn\u00edku n\u00e1m umo\u017en\u00edte naj\u00edt a realizovat mo\u017enosti zlep\u0161en\u00ed v na\u0161ich \u010dinnostech.<\/p>\n<\/div>\n\n\n\n<p>P\u0159i zodpov\u011bzen\u00ed n\u00e1sleduj\u00edc\u00edch ot\u00e1zek pou\u017eijte pros\u00edm hodnocen\u00ed dle stupnice \u0161koln\u00edho zn\u00e1mkov\u00e1n\u00ed: 1, 2, 3, 4, 5. <\/p>\n\n\n<style id=\"wpforms-css-vars-189-block-32637427-fcd6-4496-8cd6-e4bad385ed52\">\n\t\t\t\t#wpforms-189.wpforms-block-32637427-fcd6-4496-8cd6-e4bad385ed52 {\n\t\t\t\t--wpforms-field-size-input-height: 43px;\n--wpforms-field-size-input-spacing: 15px;\n--wpforms-field-size-font-size: 16px;\n--wpforms-field-size-line-height: 19px;\n--wpforms-field-size-padding-h: 14px;\n--wpforms-field-size-checkbox-size: 16px;\n--wpforms-field-size-sublabel-spacing: 5px;\n--wpforms-field-size-icon-size: 1;\n--wpforms-label-size-font-size: 16px;\n--wpforms-label-size-line-height: 19px;\n--wpforms-label-size-sublabel-font-size: 14px;\n--wpforms-label-size-sublabel-line-height: 17px;\n--wpforms-button-size-font-size: 17px;\n--wpforms-button-size-height: 41px;\n--wpforms-button-size-padding-h: 15px;\n--wpforms-button-size-margin-top: 10px;\n\t\t\t}\n\t\t\t<\/style><div class=\"wpforms-container wpforms-container-full wpforms-block wpforms-block-32637427-fcd6-4496-8cd6-e4bad385ed52 wpforms-render-modern\" id=\"wpforms-189\"><form id=\"wpforms-form-189\" class=\"wpforms-validate wpforms-form wpforms-ajax-form\" data-formid=\"189\" method=\"post\" enctype=\"multipart\/form-data\" action=\"\/index.php?rest_route=%2Fwp%2Fv2%2Fpages%2F24\" data-token=\"9118ad91acdb57ee69841718031b9c49\" data-token-time=\"1776032500\"><noscript class=\"wpforms-error-noscript\">Chcete-li vyplnit tento formul\u00e1\u0159, pros\u00edm povolte v prohl\u00ed\u017ee\u010di JavaScript.<\/noscript><div id=\"wpforms-error-noscript\" style=\"display: none;\">Chcete-li vyplnit tento formul\u00e1\u0159, pros\u00edm povolte v prohl\u00ed\u017ee\u010di JavaScript.<\/div><div class=\"wpforms-field-container\">\t\t<div id=\"wpforms-189-field_1-container\"\n\t\t\tclass=\"wpforms-field wpforms-field-text\"\n\t\t\tdata-field-type=\"text\"\n\t\t\tdata-field-id=\"1\"\n\t\t\t>\n\t\t\t<label class=\"wpforms-field-label\" for=\"wpforms-189-field_1\" >p\u0159\u00edpad\u011b,  V\u00e1m<\/label>\n\t\t\t<input type=\"text\" id=\"wpforms-189-field_1\" class=\"wpforms-field-medium\" name=\"wpforms[fields][1]\" >\n\t\t<\/div>\n\t\t<div id=\"wpforms-189-field_3-container\" class=\"wpforms-field wpforms-field-radio wpforms-list-inline\" data-field-id=\"3\"><fieldset><legend class=\"wpforms-field-label\">Jste spokojen\/a vystupov\u00e1n\u00edm a jedn\u00e1n\u00edm pracovn\u00edk\u016f?<\/legend><ul id=\"wpforms-189-field_3\"><li class=\"choice-1 depth-1\"><input type=\"radio\" id=\"wpforms-189-field_3_1\" name=\"wpforms[fields][3]\" value=\"1\" aria-errormessage=\"wpforms-189-field_3_1-error\"  ><label class=\"wpforms-field-label-inline\" for=\"wpforms-189-field_3_1\">1<\/label><\/li><li class=\"choice-2 depth-1\"><input type=\"radio\" id=\"wpforms-189-field_3_2\" name=\"wpforms[fields][3]\" value=\"2\" aria-errormessage=\"wpforms-189-field_3_2-error\"  ><label class=\"wpforms-field-label-inline\" for=\"wpforms-189-field_3_2\">2<\/label><\/li><li class=\"choice-3 depth-1\"><input type=\"radio\" id=\"wpforms-189-field_3_3\" name=\"wpforms[fields][3]\" value=\"3\" aria-errormessage=\"wpforms-189-field_3_3-error\"  ><label class=\"wpforms-field-label-inline\" for=\"wpforms-189-field_3_3\">3<\/label><\/li><li class=\"choice-5 depth-1\"><input type=\"radio\" id=\"wpforms-189-field_3_5\" name=\"wpforms[fields][3]\" value=\"4\" aria-errormessage=\"wpforms-189-field_3_5-error\"  ><label class=\"wpforms-field-label-inline\" for=\"wpforms-189-field_3_5\">4<\/label><\/li><li class=\"choice-4 depth-1\"><input type=\"radio\" id=\"wpforms-189-field_3_4\" name=\"wpforms[fields][3]\" value=\"5\" aria-errormessage=\"wpforms-189-field_3_4-error\"  ><label class=\"wpforms-field-label-inline\" for=\"wpforms-189-field_3_4\">5<\/label><\/li><\/ul><\/fieldset><\/div><div id=\"wpforms-189-field_4-container\" class=\"wpforms-field wpforms-field-radio wpforms-list-inline\" data-field-id=\"4\"><fieldset><legend class=\"wpforms-field-label\">Vyhovuje V\u00e1m forma a p\u0159ed\u00e1n\u00ed v\u00fdsledk\u016f? (vzhled, srozumitelnost \u00fadaj\u016f)?<\/legend><ul id=\"wpforms-189-field_4\"><li class=\"choice-1 depth-1\"><input type=\"radio\" id=\"wpforms-189-field_4_1\" name=\"wpforms[fields][4]\" value=\"1\" aria-errormessage=\"wpforms-189-field_4_1-error\"  ><label class=\"wpforms-field-label-inline\" for=\"wpforms-189-field_4_1\">1<\/label><\/li><li class=\"choice-2 depth-1\"><input type=\"radio\" id=\"wpforms-189-field_4_2\" name=\"wpforms[fields][4]\" value=\"2\" aria-errormessage=\"wpforms-189-field_4_2-error\"  ><label class=\"wpforms-field-label-inline\" for=\"wpforms-189-field_4_2\">2<\/label><\/li><li class=\"choice-3 depth-1\"><input type=\"radio\" id=\"wpforms-189-field_4_3\" name=\"wpforms[fields][4]\" value=\"3\" aria-errormessage=\"wpforms-189-field_4_3-error\"  ><label class=\"wpforms-field-label-inline\" for=\"wpforms-189-field_4_3\">3<\/label><\/li><li class=\"choice-5 depth-1\"><input type=\"radio\" id=\"wpforms-189-field_4_5\" name=\"wpforms[fields][4]\" value=\"4\" aria-errormessage=\"wpforms-189-field_4_5-error\"  ><label class=\"wpforms-field-label-inline\" for=\"wpforms-189-field_4_5\">4<\/label><\/li><li class=\"choice-4 depth-1\"><input type=\"radio\" id=\"wpforms-189-field_4_4\" name=\"wpforms[fields][4]\" value=\"5\" aria-errormessage=\"wpforms-189-field_4_4-error\"  ><label class=\"wpforms-field-label-inline\" for=\"wpforms-189-field_4_4\">5<\/label><\/li><\/ul><\/fieldset><\/div><div id=\"wpforms-189-field_5-container\" class=\"wpforms-field wpforms-field-radio wpforms-list-inline\" data-field-id=\"5\"><fieldset><legend class=\"wpforms-field-label\">Vyhovuje V\u00e1m rychlost slu\u017eeb?<\/legend><ul id=\"wpforms-189-field_5\"><li class=\"choice-1 depth-1\"><input type=\"radio\" id=\"wpforms-189-field_5_1\" name=\"wpforms[fields][5]\" value=\"1\" aria-errormessage=\"wpforms-189-field_5_1-error\"  ><label class=\"wpforms-field-label-inline\" for=\"wpforms-189-field_5_1\">1<\/label><\/li><li class=\"choice-2 depth-1\"><input type=\"radio\" id=\"wpforms-189-field_5_2\" name=\"wpforms[fields][5]\" value=\"2\" aria-errormessage=\"wpforms-189-field_5_2-error\"  ><label class=\"wpforms-field-label-inline\" for=\"wpforms-189-field_5_2\">2<\/label><\/li><li class=\"choice-3 depth-1\"><input type=\"radio\" id=\"wpforms-189-field_5_3\" name=\"wpforms[fields][5]\" value=\"3\" aria-errormessage=\"wpforms-189-field_5_3-error\"  ><label class=\"wpforms-field-label-inline\" for=\"wpforms-189-field_5_3\">3<\/label><\/li><li class=\"choice-5 depth-1\"><input type=\"radio\" id=\"wpforms-189-field_5_5\" name=\"wpforms[fields][5]\" value=\"4\" aria-errormessage=\"wpforms-189-field_5_5-error\"  ><label class=\"wpforms-field-label-inline\" for=\"wpforms-189-field_5_5\">4<\/label><\/li><li class=\"choice-4 depth-1\"><input type=\"radio\" id=\"wpforms-189-field_5_4\" name=\"wpforms[fields][5]\" value=\"5\" aria-errormessage=\"wpforms-189-field_5_4-error\"  ><label class=\"wpforms-field-label-inline\" for=\"wpforms-189-field_5_4\">5<\/label><\/li><\/ul><\/fieldset><\/div><div id=\"wpforms-189-field_6-container\" class=\"wpforms-field wpforms-field-radio wpforms-list-inline\" data-field-id=\"6\"><fieldset><legend class=\"wpforms-field-label\">Jste spokojen se slu\u017ebou z pohledu celkov\u00e9 kvality, formou v\u00fdsledk\u016f?<\/legend><ul id=\"wpforms-189-field_6\"><li class=\"choice-1 depth-1\"><input type=\"radio\" id=\"wpforms-189-field_6_1\" name=\"wpforms[fields][6]\" value=\"1\" aria-errormessage=\"wpforms-189-field_6_1-error\"  ><label class=\"wpforms-field-label-inline\" for=\"wpforms-189-field_6_1\">1<\/label><\/li><li class=\"choice-2 depth-1\"><input type=\"radio\" id=\"wpforms-189-field_6_2\" name=\"wpforms[fields][6]\" value=\"2\" aria-errormessage=\"wpforms-189-field_6_2-error\"  ><label class=\"wpforms-field-label-inline\" for=\"wpforms-189-field_6_2\">2<\/label><\/li><li class=\"choice-3 depth-1\"><input type=\"radio\" id=\"wpforms-189-field_6_3\" name=\"wpforms[fields][6]\" value=\"3\" aria-errormessage=\"wpforms-189-field_6_3-error\"  ><label class=\"wpforms-field-label-inline\" for=\"wpforms-189-field_6_3\">3<\/label><\/li><li class=\"choice-5 depth-1\"><input type=\"radio\" id=\"wpforms-189-field_6_5\" name=\"wpforms[fields][6]\" value=\"4\" aria-errormessage=\"wpforms-189-field_6_5-error\"  ><label class=\"wpforms-field-label-inline\" for=\"wpforms-189-field_6_5\">4<\/label><\/li><li class=\"choice-4 depth-1\"><input type=\"radio\" id=\"wpforms-189-field_6_4\" name=\"wpforms[fields][6]\" value=\"5\" aria-errormessage=\"wpforms-189-field_6_4-error\"  ><label class=\"wpforms-field-label-inline\" for=\"wpforms-189-field_6_4\">5<\/label><\/li><\/ul><\/fieldset><\/div><div id=\"wpforms-189-field_7-container\" class=\"wpforms-field wpforms-field-checkbox\" data-field-id=\"7\"><fieldset><legend class=\"wpforms-field-label\">Jste spokojen s cenou za poskytnutou slu\u017ebu?<\/legend><ul id=\"wpforms-189-field_7\"><li class=\"choice-1 depth-1\"><input type=\"checkbox\" id=\"wpforms-189-field_7_1\" name=\"wpforms[fields][7][]\" value=\"Ano\" aria-errormessage=\"wpforms-189-field_7_1-error\"  ><label class=\"wpforms-field-label-inline\" for=\"wpforms-189-field_7_1\">Ano<\/label><\/li><li class=\"choice-2 depth-1\"><input type=\"checkbox\" id=\"wpforms-189-field_7_2\" name=\"wpforms[fields][7][]\" value=\"Ne\" aria-errormessage=\"wpforms-189-field_7_2-error\"  ><label class=\"wpforms-field-label-inline\" for=\"wpforms-189-field_7_2\">Ne<\/label><\/li><\/ul><\/fieldset><\/div><div id=\"wpforms-189-field_8-container\" class=\"wpforms-field wpforms-field-checkbox\" data-field-id=\"8\"><fieldset><legend class=\"wpforms-field-label\">Vyu\u017e\u00edv\u00e1te mo\u017enosti p\u0159edb\u011b\u017en\u00fdch konzultac\u00ed?<\/legend><ul id=\"wpforms-189-field_8\"><li class=\"choice-1 depth-1\"><input type=\"checkbox\" id=\"wpforms-189-field_8_1\" name=\"wpforms[fields][8][]\" value=\"Ano\" aria-errormessage=\"wpforms-189-field_8_1-error\"  ><label class=\"wpforms-field-label-inline\" for=\"wpforms-189-field_8_1\">Ano<\/label><\/li><li class=\"choice-2 depth-1\"><input type=\"checkbox\" id=\"wpforms-189-field_8_2\" name=\"wpforms[fields][8][]\" value=\"Ne\" aria-errormessage=\"wpforms-189-field_8_2-error\"  ><label class=\"wpforms-field-label-inline\" for=\"wpforms-189-field_8_2\">Ne<\/label><\/li><\/ul><\/fieldset><\/div><div id=\"wpforms-189-field_9-container\" class=\"wpforms-field wpforms-field-checkbox\" data-field-id=\"9\"><fieldset><legend class=\"wpforms-field-label\">V p\u0159\u00edpad\u011b, \u017ee budete pot\u0159ebovat op\u011bt slu\u017ebu, kterou je schopna na\u0161e spole\u010dnost poskytnout, vyu\u017eijete op\u011bt na\u0161ich slu\u017eeb?<\/legend><ul id=\"wpforms-189-field_9\"><li class=\"choice-1 depth-1\"><input type=\"checkbox\" id=\"wpforms-189-field_9_1\" name=\"wpforms[fields][9][]\" value=\"Ano\" aria-errormessage=\"wpforms-189-field_9_1-error\"  ><label class=\"wpforms-field-label-inline\" for=\"wpforms-189-field_9_1\">Ano<\/label><\/li><li class=\"choice-2 depth-1\"><input type=\"checkbox\" id=\"wpforms-189-field_9_2\" name=\"wpforms[fields][9][]\" value=\"Ne\" aria-errormessage=\"wpforms-189-field_9_2-error\"  ><label class=\"wpforms-field-label-inline\" for=\"wpforms-189-field_9_2\">Ne<\/label><\/li><\/ul><\/fieldset><\/div><div id=\"wpforms-189-field_10-container\" class=\"wpforms-field wpforms-field-text\" data-field-id=\"10\"><label class=\"wpforms-field-label\" for=\"wpforms-189-field_10\">M\u00e1te n\u011bjak\u00fd n\u00e1vrh na zlep\u0161en\u00ed p\u0159i realizaci slu\u017eby? <\/label><input type=\"text\" id=\"wpforms-189-field_10\" class=\"wpforms-field-medium\" name=\"wpforms[fields][10]\" aria-errormessage=\"wpforms-189-field_10-error\" ><\/div><div id=\"wpforms-189-field_11-container\" class=\"wpforms-field wpforms-field-text\" data-field-id=\"11\"><label class=\"wpforms-field-label\" for=\"wpforms-189-field_11\">M\u00e1te z\u00e1jem o slu\u017ebu, kterou na\u0161e spole\u010dnost v sou\u010dasnosti nenab\u00edz\u00ed?<\/label><input type=\"text\" id=\"wpforms-189-field_11\" class=\"wpforms-field-medium\" name=\"wpforms[fields][11]\" aria-errormessage=\"wpforms-189-field_11-error\" ><\/div><div id=\"wpforms-189-field_12-container\" class=\"wpforms-field wpforms-field-text\" data-field-id=\"12\"><label class=\"wpforms-field-label\" for=\"wpforms-189-field_12\">Vyplnil:<\/label><input type=\"text\" id=\"wpforms-189-field_12\" class=\"wpforms-field-medium\" name=\"wpforms[fields][12]\" aria-errormessage=\"wpforms-189-field_12-error\" ><\/div><div id=\"wpforms-189-field_13-container\" class=\"wpforms-field wpforms-field-text\" data-field-id=\"13\"><label class=\"wpforms-field-label\" for=\"wpforms-189-field_13\">Organizace, podnik: <\/label><input type=\"text\" id=\"wpforms-189-field_13\" class=\"wpforms-field-medium\" name=\"wpforms[fields][13]\" aria-errormessage=\"wpforms-189-field_13-error\" ><\/div><div id=\"wpforms-189-field_14-container\" class=\"wpforms-field wpforms-field-text\" data-field-id=\"14\"><label class=\"wpforms-field-label\" for=\"wpforms-189-field_14\">Funkce: <\/label><input type=\"text\" id=\"wpforms-189-field_14\" class=\"wpforms-field-medium\" name=\"wpforms[fields][14]\" aria-errormessage=\"wpforms-189-field_14-error\" ><\/div><script>\n\t\t\t\t( function() {\n\t\t\t\t\tconst style = document.createElement( 'style' );\n\t\t\t\t\tstyle.appendChild( document.createTextNode( '#wpforms-189-field_1-container { position: absolute !important; overflow: hidden !important; display: inline !important; height: 1px !important; width: 1px !important; z-index: -1000 !important; padding: 0 !important; } #wpforms-189-field_1-container input { visibility: hidden; } #wpforms-conversational-form-page #wpforms-189-field_1-container label { counter-increment: none; }' ) );\n\t\t\t\t\tdocument.head.appendChild( style );\n\t\t\t\t\tdocument.currentScript?.remove();\n\t\t\t\t} )();\n\t\t\t<\/script><\/div><!-- .wpforms-field-container --><div class=\"wpforms-submit-container\" ><input type=\"hidden\" name=\"wpforms[id]\" value=\"189\"><input type=\"hidden\" name=\"page_title\" value=\"\"><input type=\"hidden\" name=\"page_url\" value=\"https:\/\/www.sekobrno.cz\/index.php?rest_route=\/wp\/v2\/pages\/24\"><input type=\"hidden\" name=\"url_referer\" value=\"\"><button type=\"submit\" name=\"wpforms[submit]\" id=\"wpforms-submit-189\" class=\"wpforms-submit\" data-alt-text=\"Odes\u00edl\u00e1ni...\" data-submit-text=\"Odeslat\" aria-live=\"assertive\" value=\"wpforms-submit\">Odeslat<\/button><img loading=\"lazy\" decoding=\"async\" src=\"https:\/\/www.sekobrno.cz\/wp-content\/plugins\/wpforms-lite\/assets\/images\/submit-spin.svg\" class=\"wpforms-submit-spinner\" style=\"display: none;\" width=\"26\" height=\"26\" alt=\"Na\u010d\u00edt\u00e1n\u00ed\"><\/div><\/form><\/div>  <!-- .wpforms-container -->\n\n\n<div class=\"wp-block-group is-nowrap is-layout-flex wp-container-core-group-is-layout-ad2f72ca wp-block-group-is-layout-flex\">\n<p><em>Za vypln\u011bn\u00ed p\u0159edem d\u011bkujeme! P\u0159ejeme p\u0159\u00edjemn\u00fd den!<\/em><\/p>\n<\/div>\n","protected":false},"excerpt":{"rendered":"<p>Dotazn\u00edk spokojenosti z\u00e1kazn\u00edka laboratorn\u00edch slu\u017eeb. V\u00e1\u017een\u00fd z\u00e1kazn\u00edku, dovolujeme si V\u00e1s po\u017e\u00e1dat o hodnocen\u00ed spokojenosti se slu\u017ebami, kter\u00e9 jsme V\u00e1m poskytli. Uveden\u00e9 informace poslou\u017e\u00ed k z\u00edsk\u00e1n\u00ed p\u0159ehledu o spokojenosti z\u00e1kazn\u00edk\u016f. Vypln\u011bn\u00edm dotazn\u00edku n\u00e1m umo\u017en\u00edte naj\u00edt a realizovat mo\u017enosti zlep\u0161en\u00ed v na\u0161ich&#8230; <a class=\"more-link\" href=\"https:\/\/www.sekobrno.cz\/?page_id=24\">Pokra\u010dovat ve \u010dten\u00ed &rarr;<\/a><\/p>\n","protected":false},"author":1,"featured_media":0,"parent":0,"menu_order":0,"comment_status":"closed","ping_status":"closed","template":"","meta":{"footnotes":""},"class_list":["post-24","page","type-page","status-publish","hentry"],"_links":{"self":[{"href":"https:\/\/www.sekobrno.cz\/index.php?rest_route=\/wp\/v2\/pages\/24","targetHints":{"allow":["GET"]}}],"collection":[{"href":"https:\/\/www.sekobrno.cz\/index.php?rest_route=\/wp\/v2\/pages"}],"about":[{"href":"https:\/\/www.sekobrno.cz\/index.php?rest_route=\/wp\/v2\/types\/page"}],"author":[{"embeddable":true,"href":"https:\/\/www.sekobrno.cz\/index.php?rest_route=\/wp\/v2\/users\/1"}],"replies":[{"embeddable":true,"href":"https:\/\/www.sekobrno.cz\/index.php?rest_route=%2Fwp%2Fv2%2Fcomments&post=24"}],"version-history":[{"count":16,"href":"https:\/\/www.sekobrno.cz\/index.php?rest_route=\/wp\/v2\/pages\/24\/revisions"}],"predecessor-version":[{"id":202,"href":"https:\/\/www.sekobrno.cz\/index.php?rest_route=\/wp\/v2\/pages\/24\/revisions\/202"}],"wp:attachment":[{"href":"https:\/\/www.sekobrno.cz\/index.php?rest_route=%2Fwp%2Fv2%2Fmedia&parent=24"}],"curies":[{"name":"wp","href":"https:\/\/api.w.org\/{rel}","templated":true}]}}