{"id":25,"date":"2025-09-04T10:32:42","date_gmt":"2025-09-04T08:32:42","guid":{"rendered":"https:\/\/www.sekobrno.cz\/?page_id=25"},"modified":"2025-09-04T13:20:51","modified_gmt":"2025-09-04T11:20:51","slug":"legislativa","status":"publish","type":"page","link":"https:\/\/www.sekobrno.cz\/?page_id=25","title":{"rendered":"Legislativa"},"content":{"rendered":"\n<div class=\"wp-block-group is-nowrap is-layout-flex wp-container-core-group-is-layout-ad2f72ca wp-block-group-is-layout-flex\">\n<p>Aktu\u00e1ln\u00ed stav legislativy v&nbsp;ochran\u011b ovzdu\u0161\u00ed najdete na str\u00e1nk\u00e1ch Ministerstva \u017eivotn\u00edho prost\u0159ed\u00ed&nbsp;<a href=\"http:\/\/www.env.cz\">www.env.cz<\/a>. Na t\u011bchto str\u00e1nk\u00e1ch jsou ob\u010das zve\u0159ejn\u011bny i n\u00e1vrhy z\u00e1kon\u016f a prov\u00e1d\u011bc\u00edch p\u0159edpis\u016f.<\/p>\n<\/div>\n\n\n\n<p>Legislativu si tak\u00e9 m\u016f\u017eete bezplatn\u011b st\u00e1hnout ze str\u00e1nek Elektronick\u00e9 Sb\u00edrky z\u00e1kon\u016f a mezin\u00e1rodn\u00edch smluv <a href=\"https:\/\/www.e-sbirka.cz\/\">www.e-sbirka.cz<\/a>.<\/p>\n\n\n\n<p>P\u0159ehled legislativy v ochran\u011b ovzdu\u0161\u00ed:<\/p>\n\n\n\n<figure class=\"wp-block-table\"><table class=\"has-fixed-layout\"><tbody><tr><td><strong>Z\u00e1kon o ochran\u011b ovzdu\u0161\u00ed \u010d. 201 \/ 2012 Sb<\/strong>.<\/td><\/tr><tr><td><strong>Vyhl\u00e1\u0161ka \u010d. 415\/2012<\/strong>, o p\u0159\u00edpustn\u00e9 \u00farovni zne\u010di\u0161\u0165ov\u00e1n\u00ed a jej\u00edm zji\u0161\u0165ov\u00e1n\u00ed a o proveden\u00ed n\u011bkter\u00fdch dal\u0161\u00edch ustanoven\u00ed z\u00e1kona o ochran\u011b ovzdu\u0161\u00ed.<\/td><\/tr><\/tbody><\/table><\/figure>\n\n\n\n<p><\/p>\n","protected":false},"excerpt":{"rendered":"<p>Aktu\u00e1ln\u00ed stav legislativy v&nbsp;ochran\u011b ovzdu\u0161\u00ed najdete na str\u00e1nk\u00e1ch Ministerstva \u017eivotn\u00edho prost\u0159ed\u00ed&nbsp;www.env.cz. Na t\u011bchto str\u00e1nk\u00e1ch jsou ob\u010das zve\u0159ejn\u011bny i n\u00e1vrhy z\u00e1kon\u016f a prov\u00e1d\u011bc\u00edch p\u0159edpis\u016f. Legislativu si tak\u00e9 m\u016f\u017eete bezplatn\u011b st\u00e1hnout ze str\u00e1nek Elektronick\u00e9 Sb\u00edrky z\u00e1kon\u016f a mezin\u00e1rodn\u00edch smluv www.e-sbirka.cz. P\u0159ehled legislativy&#8230; <a class=\"more-link\" href=\"https:\/\/www.sekobrno.cz\/?page_id=25\">Pokra\u010dovat ve \u010dten\u00ed &rarr;<\/a><\/p>\n","protected":false},"author":1,"featured_media":0,"parent":0,"menu_order":0,"comment_status":"closed","ping_status":"closed","template":"","meta":{"footnotes":""},"class_list":["post-25","page","type-page","status-publish","hentry"],"_links":{"self":[{"href":"https:\/\/www.sekobrno.cz\/index.php?rest_route=\/wp\/v2\/pages\/25","targetHints":{"allow":["GET"]}}],"collection":[{"href":"https:\/\/www.sekobrno.cz\/index.php?rest_route=\/wp\/v2\/pages"}],"about":[{"href":"https:\/\/www.sekobrno.cz\/index.php?rest_route=\/wp\/v2\/types\/page"}],"author":[{"embeddable":true,"href":"https:\/\/www.sekobrno.cz\/index.php?rest_route=\/wp\/v2\/users\/1"}],"replies":[{"embeddable":true,"href":"https:\/\/www.sekobrno.cz\/index.php?rest_route=%2Fwp%2Fv2%2Fcomments&post=25"}],"version-history":[{"count":6,"href":"https:\/\/www.sekobrno.cz\/index.php?rest_route=\/wp\/v2\/pages\/25\/revisions"}],"predecessor-version":[{"id":143,"href":"https:\/\/www.sekobrno.cz\/index.php?rest_route=\/wp\/v2\/pages\/25\/revisions\/143"}],"wp:attachment":[{"href":"https:\/\/www.sekobrno.cz\/index.php?rest_route=%2Fwp%2Fv2%2Fmedia&parent=25"}],"curies":[{"name":"wp","href":"https:\/\/api.w.org\/{rel}","templated":true}]}}