{"id":26,"date":"2025-09-04T10:32:42","date_gmt":"2025-09-04T08:32:42","guid":{"rendered":"https:\/\/www.sekobrno.cz\/?page_id=26"},"modified":"2025-10-02T21:48:58","modified_gmt":"2025-10-02T19:48:58","slug":"kontakty","status":"publish","type":"page","link":"https:\/\/www.sekobrno.cz\/?page_id=26","title":{"rendered":"Kontakty"},"content":{"rendered":"\n<figure class=\"wp-block-table is-style-stripes\"><table class=\"has-fixed-layout\"><tbody><tr><td><strong>jm\u00e9no<\/strong><\/td><td><strong>funkce<\/strong><\/td><td><strong>telefon<\/strong><\/td><td><strong>mobil<\/strong><\/td><\/tr><tr><td>Ing. Zbyn\u011bk KUP\u010c\u00cdK<\/td><td>jednatel<\/td><td>541 633 746<\/td><td>603 507 317<\/td><\/tr><tr><td>Ji\u0159\u00ed KRPEC<\/td><td>technick\u00fd pracovn\u00edk<\/td><td>541 633 746<\/td><td>737 772 643<\/td><\/tr><tr><td><\/td><td><\/td><td><\/td><td><\/td><\/tr><tr><td colspan=\"4\"><\/td><\/tr><tr><td>Adresa provozovny<\/td><td colspan=\"3\">SEKO BRNO, spol. s r.o., K\u0159i\u017e\u00edkova 2697\/70, 612 00 Brno<\/td><\/tr><tr><td>Fax<\/td><td colspan=\"3\">541 633 734<\/td><\/tr><tr><td>E-mail<\/td><td colspan=\"3\">sekobrno@gmail.com, sekobrno@sekobrno.cz<\/td><\/tr><tr><td>\u010cSOB<\/td><td colspan=\"3\">\u010d.\u00fa. 162666796 \/ 0300<\/td><\/tr><tr><td>I\u010cO<\/td><td colspan=\"3\">479 11 557<\/td><\/tr><tr><td>DI\u010c<\/td><td colspan=\"3\">CZ47911557<\/td><\/tr><tr><td>Spisova zna\u010dka<\/td><td colspan=\"3\">C 9918 veden\u00e1 u rejst\u0159\u00edkov\u00e9ho soudu v Brn\u011b<\/td><\/tr><tr><td colspan=\"4\"><\/td><\/tr><tr><td colspan=\"4\">Sou\u0159adnice GPS (syst\u00e9m WGS-84, ode\u010det na <a href=\"https:\/\/www.google.com\/maps\/place\/SEKO+BRNO,+spol.+s+r.o.\/@49.2212563,16.6187961,19z\/data=!4m6!3m5!1s0x47129479d946199d:0x7aad7182f88ba4bc!8m2!3d49.2212398!4d16.6184576!16s%2Fg%2F1ts2y_wz?entry=ttu&amp;g_ep=EgoyMDI1MDkwMy4wIKXMDSoASAFQAw%3D%3D\"><strong>www.google.com\/maps\/<\/strong><\/a> )<\/td><\/tr><tr><td>kancel\u00e1\u0159<\/td><td colspan=\"3\">Loc: 49\u00b013&#8217;16.456&#8243;N, 16\u00b037&#8217;6.356&#8243;E<\/td><\/tr><tr><td>vr\u00e1tnice<\/td><td colspan=\"3\">Loc: 49\u00b013&#8217;20.496&#8243;N, 16\u00b037&#8217;6.933&#8243;E<\/td><\/tr><\/tbody><\/table><\/figure>\n","protected":false},"excerpt":{"rendered":"<p>jm\u00e9no funkce telefon mobil Ing. Zbyn\u011bk KUP\u010c\u00cdK jednatel 541 633 746 603 507 317 Ji\u0159\u00ed KRPEC technick\u00fd pracovn\u00edk 541 633 746 737 772 643 Adresa provozovny SEKO BRNO, spol. s r.o., K\u0159i\u017e\u00edkova 2697\/70, 612 00 Brno Fax 541 633 734&#8230; <a class=\"more-link\" href=\"https:\/\/www.sekobrno.cz\/?page_id=26\">Pokra\u010dovat ve \u010dten\u00ed &rarr;<\/a><\/p>\n","protected":false},"author":1,"featured_media":0,"parent":0,"menu_order":0,"comment_status":"closed","ping_status":"closed","template":"","meta":{"footnotes":""},"class_list":["post-26","page","type-page","status-publish","hentry"],"_links":{"self":[{"href":"https:\/\/www.sekobrno.cz\/index.php?rest_route=\/wp\/v2\/pages\/26","targetHints":{"allow":["GET"]}}],"collection":[{"href":"https:\/\/www.sekobrno.cz\/index.php?rest_route=\/wp\/v2\/pages"}],"about":[{"href":"https:\/\/www.sekobrno.cz\/index.php?rest_route=\/wp\/v2\/types\/page"}],"author":[{"embeddable":true,"href":"https:\/\/www.sekobrno.cz\/index.php?rest_route=\/wp\/v2\/users\/1"}],"replies":[{"embeddable":true,"href":"https:\/\/www.sekobrno.cz\/index.php?rest_route=%2Fwp%2Fv2%2Fcomments&post=26"}],"version-history":[{"count":12,"href":"https:\/\/www.sekobrno.cz\/index.php?rest_route=\/wp\/v2\/pages\/26\/revisions"}],"predecessor-version":[{"id":240,"href":"https:\/\/www.sekobrno.cz\/index.php?rest_route=\/wp\/v2\/pages\/26\/revisions\/240"}],"wp:attachment":[{"href":"https:\/\/www.sekobrno.cz\/index.php?rest_route=%2Fwp%2Fv2%2Fmedia&parent=26"}],"curies":[{"name":"wp","href":"https:\/\/api.w.org\/{rel}","templated":true}]}}