{"id":28,"date":"2025-09-04T10:32:42","date_gmt":"2025-09-04T08:32:42","guid":{"rendered":"https:\/\/www.sekobrno.cz\/?page_id=28"},"modified":"2025-09-04T14:18:33","modified_gmt":"2025-09-04T12:18:33","slug":"odkazy","status":"publish","type":"page","link":"https:\/\/www.sekobrno.cz\/?page_id=28","title":{"rendered":"Odkazy"},"content":{"rendered":"\n<p><strong>U\u017eite\u010dn\u00e9 odkazy<\/strong>&#8230;<\/p>\n","protected":false},"excerpt":{"rendered":"<p>U\u017eite\u010dn\u00e9 odkazy&#8230;<\/p>\n","protected":false},"author":1,"featured_media":0,"parent":0,"menu_order":0,"comment_status":"closed","ping_status":"closed","template":"","meta":{"footnotes":""},"class_list":["post-28","page","type-page","status-publish","hentry"],"_links":{"self":[{"href":"https:\/\/www.sekobrno.cz\/index.php?rest_route=\/wp\/v2\/pages\/28","targetHints":{"allow":["GET"]}}],"collection":[{"href":"https:\/\/www.sekobrno.cz\/index.php?rest_route=\/wp\/v2\/pages"}],"about":[{"href":"https:\/\/www.sekobrno.cz\/index.php?rest_route=\/wp\/v2\/types\/page"}],"author":[{"embeddable":true,"href":"https:\/\/www.sekobrno.cz\/index.php?rest_route=\/wp\/v2\/users\/1"}],"replies":[{"embeddable":true,"href":"https:\/\/www.sekobrno.cz\/index.php?rest_route=%2Fwp%2Fv2%2Fcomments&post=28"}],"version-history":[{"count":2,"href":"https:\/\/www.sekobrno.cz\/index.php?rest_route=\/wp\/v2\/pages\/28\/revisions"}],"predecessor-version":[{"id":161,"href":"https:\/\/www.sekobrno.cz\/index.php?rest_route=\/wp\/v2\/pages\/28\/revisions\/161"}],"wp:attachment":[{"href":"https:\/\/www.sekobrno.cz\/index.php?rest_route=%2Fwp%2Fv2%2Fmedia&parent=28"}],"curies":[{"name":"wp","href":"https:\/\/api.w.org\/{rel}","templated":true}]}}