{"id":55,"date":"2025-09-04T10:37:35","date_gmt":"2025-09-04T08:37:35","guid":{"rendered":"https:\/\/www.sekobrno.cz\/?page_id=55"},"modified":"2025-09-08T17:08:59","modified_gmt":"2025-09-08T15:08:59","slug":"uvod","status":"publish","type":"page","link":"https:\/\/www.sekobrno.cz\/","title":{"rendered":"\u00davod"},"content":{"rendered":"\n<div class=\"wp-block-group is-nowrap is-layout-flex wp-container-core-group-is-layout-ad2f72ca wp-block-group-is-layout-flex\">\n<p class=\"has-small-font-size\">Firrma SEKO Brno, byla zalo\u017eena v roce 1993 specialisty v oboru monitoringu \u017eivotn\u00edho prost\u0159ed\u00ed.<\/p>\n<\/div>\n\n\n\n<p class=\"has-small-font-size\">Hlavn\u00edmi aktivitami firmy je prov\u00e1d\u011bn\u00ed autorizovan\u00e9ho <a href=\"https:\/\/www.sekobrno.cz\/?page_id=22\" data-type=\"page\" data-id=\"22\">m\u011b\u0159en\u00ed v\u0161ech&nbsp;pr\u016fmyslov\u00fdch zdroj\u016f<\/a> emis\u00ed&nbsp;podle kategori\u00ed zdroj\u016f zne\u010di\u0161\u0165ov\u00e1n\u00ed vych\u00e1zej\u00edc\u00edch z vyhl\u00e1\u0161ky, d\u00e1le m\u011b\u0159en\u00ed&nbsp;<a href=\"https:\/\/www.sekobrno.cz\/?page_id=22\" data-type=\"page\" data-id=\"22\">pracovn\u00edho prost\u0159ed\u00ed a imis\u00ed<\/a>, konzulta\u010dn\u00ed, poradensk\u00e9 a zprost\u0159edkovatelsk\u00e9&nbsp;<a href=\"https:\/\/www.sekobrno.cz\/?page_id=22\" data-type=\"page\" data-id=\"22\">slu\u017eby<\/a>&nbsp;v oblasti \u017eivotn\u00edho prost\u0159ed\u00ed se zam\u011b\u0159en\u00edm na oblast ovzdu\u0161\u00ed.<\/p>\n\n\n\n<p class=\"has-small-font-size\">Firma SEKO Brno je \u010dlenem\u00a0<a href=\"http:\/\/www.alme.cz\/\">Asociace autorizovan\u00fdch laborato\u0159\u00ed<\/a>\u00a0pro m\u011b\u0159en\u00ed emis\u00ed\u00a0<a href=\"http:\/\/www.alme.cz\/\">ALME<\/a>\u00a0a dr\u017eitelem\u00a0<a href=\"https:\/\/www.sekobrno.cz\/wp-content\/uploads\/2025\/09\/opr_10.jpg\">Osv\u011bd\u010den\u00ed o \u00fa\u010dasti v mezilaboratorn\u00edm porovn\u00e1v\u00e1n\u00ed zkou\u0161ek<\/a>, kter\u00e9 jsou v r\u00e1mci t\u00e9to organizace pravideln\u011b prov\u00e1d\u011bny.<\/p>\n\n\n\n<p class=\"has-small-font-size\">C\u00edlem spole\u010dnosti je poskytovat kvalifikovan\u00e9 slu\u017eby na vysok\u00e9 odborn\u00e9 \u00farovni.<\/p>\n\n\n\n<p class=\"has-small-font-size\">M\u011b\u0159en\u00ed je prov\u00e1d\u011bno podle firemn\u00ed metodiky popsan\u00e9 v P\u0159\u00edru\u010dce kvality.<\/p>\n\n\n\n<p class=\"has-small-font-size\">Pou\u017eitelnost v\u00fdsledk\u016f jednor\u00e1zov\u00e9ho m\u011b\u0159en\u00ed hmotnostn\u00edho toku \u0161kodlivin p\u0159\u00edpadn\u011b hodnot m\u011brn\u00fdch v\u00fdrobn\u00edch emis\u00ed pro objektivn\u00ed ur\u010den\u00ed ro\u010dn\u00edch emis\u00ed na v\u00fdpo\u010det poplatk\u016f za zne\u010di\u0161\u0165ov\u00e1n\u00ed ovzdu\u0161\u00ed je podm\u00edn\u011bno dostate\u010dnou shodou st\u0159edn\u00edho ro\u010dn\u00edho v\u00fdkonu a hodnoty v\u00fdkonu za\u0159\u00edzen\u00ed p\u0159i m\u011b\u0159en\u00ed emis\u00ed.<\/p>\n\n\n\n<p class=\"has-small-font-size\">V\u00fdsledky m\u011b\u0159en\u00ed se t\u00fdkaj\u00ed pouze p\u0159edm\u011btu m\u011b\u0159en\u00ed a nenahrazuj\u00ed \u017e\u00e1dn\u00e9 jin\u00e9 dokumenty (nap\u0159. spr\u00e1vn\u00edho charakteru).<\/p>\n\n\n\n<p class=\"has-small-font-size\">Vyhodnocen\u00ed jednor\u00e1zov\u00e9ho m\u011b\u0159en\u00ed emis\u00ed na posuzovan\u00e9m za\u0159\u00edzen\u00ed nenahrazuje rozhodnut\u00ed spr\u00e1vn\u00edch org\u00e1n\u016f.<\/p>\n","protected":false},"excerpt":{"rendered":"<p>Firrma SEKO Brno, byla zalo\u017eena v roce 1993 specialisty v oboru monitoringu \u017eivotn\u00edho prost\u0159ed\u00ed. Hlavn\u00edmi aktivitami firmy je prov\u00e1d\u011bn\u00ed autorizovan\u00e9ho m\u011b\u0159en\u00ed v\u0161ech&nbsp;pr\u016fmyslov\u00fdch zdroj\u016f emis\u00ed&nbsp;podle kategori\u00ed zdroj\u016f zne\u010di\u0161\u0165ov\u00e1n\u00ed vych\u00e1zej\u00edc\u00edch z vyhl\u00e1\u0161ky, d\u00e1le m\u011b\u0159en\u00ed&nbsp;pracovn\u00edho prost\u0159ed\u00ed a imis\u00ed, konzulta\u010dn\u00ed, poradensk\u00e9 a zprost\u0159edkovatelsk\u00e9&nbsp;slu\u017eby&nbsp;v oblasti&#8230; <a class=\"more-link\" href=\"https:\/\/www.sekobrno.cz\/\">Pokra\u010dovat ve \u010dten\u00ed &rarr;<\/a><\/p>\n","protected":false},"author":1,"featured_media":0,"parent":0,"menu_order":0,"comment_status":"closed","ping_status":"closed","template":"","meta":{"footnotes":""},"class_list":["post-55","page","type-page","status-publish","hentry"],"_links":{"self":[{"href":"https:\/\/www.sekobrno.cz\/index.php?rest_route=\/wp\/v2\/pages\/55","targetHints":{"allow":["GET"]}}],"collection":[{"href":"https:\/\/www.sekobrno.cz\/index.php?rest_route=\/wp\/v2\/pages"}],"about":[{"href":"https:\/\/www.sekobrno.cz\/index.php?rest_route=\/wp\/v2\/types\/page"}],"author":[{"embeddable":true,"href":"https:\/\/www.sekobrno.cz\/index.php?rest_route=\/wp\/v2\/users\/1"}],"replies":[{"embeddable":true,"href":"https:\/\/www.sekobrno.cz\/index.php?rest_route=%2Fwp%2Fv2%2Fcomments&post=55"}],"version-history":[{"count":11,"href":"https:\/\/www.sekobrno.cz\/index.php?rest_route=\/wp\/v2\/pages\/55\/revisions"}],"predecessor-version":[{"id":222,"href":"https:\/\/www.sekobrno.cz\/index.php?rest_route=\/wp\/v2\/pages\/55\/revisions\/222"}],"wp:attachment":[{"href":"https:\/\/www.sekobrno.cz\/index.php?rest_route=%2Fwp%2Fv2%2Fmedia&parent=55"}],"curies":[{"name":"wp","href":"https:\/\/api.w.org\/{rel}","templated":true}]}}